{"id":1123,"date":"2017-08-15T17:29:52","date_gmt":"2017-08-15T14:29:52","guid":{"rendered":"https:\/\/brovar.org\/?page_id=1123"},"modified":"2019-09-11T00:40:36","modified_gmt":"2019-09-10T21:40:36","slug":"zapysatys-na-ekskursiyu","status":"publish","type":"page","link":"https:\/\/brovar.org\/en\/pro-nas\/zapysatys-na-ekskursiyu\/","title":{"rendered":"Sign up for a tour"},"content":{"rendered":"<h1 style=\"text-align: center;\">Sign up for a tour<\/h1>\n<p>Our specialists will give you a tour of the production in detail tell you how live beer is brewed, how our non-alcoholic products are made and the process of making Ukraine&#8217;s first single malt whiskey. Leave your contact details and we will get back to you.<\/p>\n","protected":false},"excerpt":{"rendered":"<p>Sign up for a tour Our specialists will give you a tour of the production in detail tell you how live beer is brewed, how our non-alcoholic products are made and the process of making Ukraine&#8217;s first single malt whiskey. Leave your contact details and we will get back to you.<\/p>\n","protected":false},"author":1,"featured_media":1810,"parent":363,"menu_order":21,"comment_status":"closed","ping_status":"closed","template":"page-register-excursion.php","meta":{"_acf_changed":false,"footnotes":""},"class_list":["post-1123","page","type-page","status-publish","has-post-thumbnail","hentry"],"acf":[],"yoast_head":"<!-- This site is optimized with the Yoast SEO plugin v27.2 - https:\/\/yoast.com\/product\/yoast-seo-wordpress\/ -->\n<title>Sign up for a tour<\/title>\n<meta name=\"robots\" content=\"index, follow, max-snippet:-1, max-image-preview:large, max-video-preview:-1\" \/>\n<link rel=\"canonical\" href=\"https:\/\/brovar.org\/en\/pro-nas\/zapysatys-na-ekskursiyu\/\" \/>\n<meta property=\"og:locale\" content=\"en_US\" \/>\n<meta property=\"og:locale:alternate\" content=\"uk_UA\" \/>\n<meta property=\"og:locale:alternate\" content=\"pl_PL\" \/>\n<meta property=\"og:type\" content=\"article\" \/>\n<meta property=\"og:title\" content=\"Sign up for a tour\" \/>\n<meta property=\"og:description\" content=\"Sign up for a tour Our specialists will give you a tour of the production in detail tell you how live beer is brewed, how our non-alcoholic products are made and the process of making Ukraine&#8217;s first single malt whiskey. Leave your contact details and we will get back to you.\" \/>\n<meta property=\"og:url\" content=\"https:\/\/brovar.org\/en\/pro-nas\/zapysatys-na-ekskursiyu\/\" \/>\n<meta property=\"article:modified_time\" content=\"2019-09-10T21:40:36+00:00\" \/>\n<meta property=\"og:image\" content=\"https:\/\/brovar.org\/inc\/uploads\/2017\/08\/register-excursion-bg-1.jpg\" \/>\n\t<meta property=\"og:image:width\" content=\"1920\" \/>\n\t<meta property=\"og:image:height\" content=\"1080\" \/>\n\t<meta property=\"og:image:type\" content=\"image\/jpeg\" \/>\n<meta name=\"twitter:card\" content=\"summary_large_image\" \/>\n<meta name=\"twitter:label1\" content=\"Est. reading time\" \/>\n\t<meta name=\"twitter:data1\" content=\"1 minute\" \/>\n<script type=\"application\/ld+json\" class=\"yoast-schema-graph\">{\"@context\":\"https:\/\/schema.org\",\"@graph\":[{\"@type\":\"WebPage\",\"@id\":\"https:\/\/brovar.org\/pro-nas\/zapysatys-na-ekskursiyu\/\",\"url\":\"https:\/\/brovar.org\/pro-nas\/zapysatys-na-ekskursiyu\/\",\"name\":\"Sign up for a tour\",\"isPartOf\":{\"@id\":\"https:\/\/brovar.org\/#website\"},\"primaryImageOfPage\":{\"@id\":\"https:\/\/brovar.org\/pro-nas\/zapysatys-na-ekskursiyu\/#primaryimage\"},\"image\":{\"@id\":\"https:\/\/brovar.org\/pro-nas\/zapysatys-na-ekskursiyu\/#primaryimage\"},\"thumbnailUrl\":\"https:\/\/brovar.org\/inc\/uploads\/2017\/08\/register-excursion-bg-1.jpg\",\"datePublished\":\"2017-08-15T14:29:52+00:00\",\"dateModified\":\"2019-09-10T21:40:36+00:00\",\"breadcrumb\":{\"@id\":\"https:\/\/brovar.org\/pro-nas\/zapysatys-na-ekskursiyu\/#breadcrumb\"},\"inLanguage\":\"en-US\",\"potentialAction\":[{\"@type\":\"ReadAction\",\"target\":[\"https:\/\/brovar.org\/pro-nas\/zapysatys-na-ekskursiyu\/\"]}]},{\"@type\":\"ImageObject\",\"inLanguage\":\"en-US\",\"@id\":\"https:\/\/brovar.org\/pro-nas\/zapysatys-na-ekskursiyu\/#primaryimage\",\"url\":\"https:\/\/brovar.org\/inc\/uploads\/2017\/08\/register-excursion-bg-1.jpg\",\"contentUrl\":\"https:\/\/brovar.org\/inc\/uploads\/2017\/08\/register-excursion-bg-1.jpg\",\"width\":1920,\"height\":1080},{\"@type\":\"BreadcrumbList\",\"@id\":\"https:\/\/brovar.org\/pro-nas\/zapysatys-na-ekskursiyu\/#breadcrumb\",\"itemListElement\":[{\"@type\":\"ListItem\",\"position\":1,\"name\":\"\u041f\u0440\u043e \u043d\u0430\u0441\",\"item\":\"https:\/\/brovar.org\/pro-nas\/\"},{\"@type\":\"ListItem\",\"position\":2,\"name\":\"Sign up for a tour\"}]},{\"@type\":\"WebSite\",\"@id\":\"https:\/\/brovar.org\/#website\",\"url\":\"https:\/\/brovar.org\/\",\"name\":\"\",\"description\":\"\",\"potentialAction\":[{\"@type\":\"SearchAction\",\"target\":{\"@type\":\"EntryPoint\",\"urlTemplate\":\"https:\/\/brovar.org\/?s={search_term_string}\"},\"query-input\":{\"@type\":\"PropertyValueSpecification\",\"valueRequired\":true,\"valueName\":\"search_term_string\"}}],\"inLanguage\":\"en-US\"}]}<\/script>\n<!-- \/ Yoast SEO plugin. -->","yoast_head_json":{"title":"Sign up for a tour","robots":{"index":"index","follow":"follow","max-snippet":"max-snippet:-1","max-image-preview":"max-image-preview:large","max-video-preview":"max-video-preview:-1"},"canonical":"https:\/\/brovar.org\/en\/pro-nas\/zapysatys-na-ekskursiyu\/","og_locale":"en_US","og_type":"article","og_title":"[:uk]\u0417\u0430\u043f\u0438\u0441\u0430\u0442\u0438\u0441\u044c \u043d\u0430 \u0435\u043a\u0441\u043a\u0443\u0440\u0441\u0456\u044e[:en]Sign up for a tour[:pl]Zapisz si\u0119 na wycieczk\u0119[:es]Reg\u00edstrese para un recorrido[:] &#8211;","og_description":"Sign up for a tour Our specialists will give you a tour of the production in detail tell you how live beer is brewed, how our non-alcoholic products are made and the process of making Ukraine&#8217;s first single malt whiskey. Leave your contact details and we will get back to you.","og_url":"https:\/\/brovar.org\/en\/pro-nas\/zapysatys-na-ekskursiyu\/","article_modified_time":"2019-09-10T21:40:36+00:00","og_image":[{"width":1920,"height":1080,"url":"https:\/\/brovar.org\/inc\/uploads\/2017\/08\/register-excursion-bg-1.jpg","type":"image\/jpeg"}],"twitter_card":"summary_large_image","twitter_misc":{"Est. reading time":"1 minute"},"schema":{"@context":"https:\/\/schema.org","@graph":[{"@type":"WebPage","@id":"https:\/\/brovar.org\/pro-nas\/zapysatys-na-ekskursiyu\/","url":"https:\/\/brovar.org\/pro-nas\/zapysatys-na-ekskursiyu\/","name":"Sign up for a tour","isPartOf":{"@id":"https:\/\/brovar.org\/#website"},"primaryImageOfPage":{"@id":"https:\/\/brovar.org\/pro-nas\/zapysatys-na-ekskursiyu\/#primaryimage"},"image":{"@id":"https:\/\/brovar.org\/pro-nas\/zapysatys-na-ekskursiyu\/#primaryimage"},"thumbnailUrl":"https:\/\/brovar.org\/inc\/uploads\/2017\/08\/register-excursion-bg-1.jpg","datePublished":"2017-08-15T14:29:52+00:00","dateModified":"2019-09-10T21:40:36+00:00","breadcrumb":{"@id":"https:\/\/brovar.org\/pro-nas\/zapysatys-na-ekskursiyu\/#breadcrumb"},"inLanguage":"en-US","potentialAction":[{"@type":"ReadAction","target":["https:\/\/brovar.org\/pro-nas\/zapysatys-na-ekskursiyu\/"]}]},{"@type":"ImageObject","inLanguage":"en-US","@id":"https:\/\/brovar.org\/pro-nas\/zapysatys-na-ekskursiyu\/#primaryimage","url":"https:\/\/brovar.org\/inc\/uploads\/2017\/08\/register-excursion-bg-1.jpg","contentUrl":"https:\/\/brovar.org\/inc\/uploads\/2017\/08\/register-excursion-bg-1.jpg","width":1920,"height":1080},{"@type":"BreadcrumbList","@id":"https:\/\/brovar.org\/pro-nas\/zapysatys-na-ekskursiyu\/#breadcrumb","itemListElement":[{"@type":"ListItem","position":1,"name":"\u041f\u0440\u043e \u043d\u0430\u0441","item":"https:\/\/brovar.org\/pro-nas\/"},{"@type":"ListItem","position":2,"name":"Sign up for a tour"}]},{"@type":"WebSite","@id":"https:\/\/brovar.org\/#website","url":"https:\/\/brovar.org\/","name":"","description":"","potentialAction":[{"@type":"SearchAction","target":{"@type":"EntryPoint","urlTemplate":"https:\/\/brovar.org\/?s={search_term_string}"},"query-input":{"@type":"PropertyValueSpecification","valueRequired":true,"valueName":"search_term_string"}}],"inLanguage":"en-US"}]}},"_links":{"self":[{"href":"https:\/\/brovar.org\/en\/wp-json\/wp\/v2\/pages\/1123","targetHints":{"allow":["GET"]}}],"collection":[{"href":"https:\/\/brovar.org\/en\/wp-json\/wp\/v2\/pages"}],"about":[{"href":"https:\/\/brovar.org\/en\/wp-json\/wp\/v2\/types\/page"}],"author":[{"embeddable":true,"href":"https:\/\/brovar.org\/en\/wp-json\/wp\/v2\/users\/1"}],"replies":[{"embeddable":true,"href":"https:\/\/brovar.org\/en\/wp-json\/wp\/v2\/comments?post=1123"}],"version-history":[{"count":0,"href":"https:\/\/brovar.org\/en\/wp-json\/wp\/v2\/pages\/1123\/revisions"}],"up":[{"embeddable":true,"href":"https:\/\/brovar.org\/en\/wp-json\/wp\/v2\/pages\/363"}],"wp:featuredmedia":[{"embeddable":true,"href":"https:\/\/brovar.org\/en\/wp-json\/wp\/v2\/media\/1810"}],"wp:attachment":[{"href":"https:\/\/brovar.org\/en\/wp-json\/wp\/v2\/media?parent=1123"}],"curies":[{"name":"wp","href":"https:\/\/api.w.org\/{rel}","templated":true}]}}