{"id":3605,"date":"2021-01-05T13:58:07","date_gmt":"2021-01-05T11:58:07","guid":{"rendered":"https:\/\/brovar.org\/?post_type=product&#038;p=3605"},"modified":"2025-04-07T09:38:50","modified_gmt":"2025-04-07T06:38:50","slug":"ternove-pole","status":"publish","type":"product","link":"https:\/\/brovar.org\/pl\/product\/ternove-pole\/","title":{"rendered":"Ternowe Pole"},"content":{"rendered":"<p>Piwo o wysokiej zawarto\u015bci alkoholu do 7,1% obj. z wyd\u0142u\u017conym dojrzewaniem.<\/p>\n","protected":false},"excerpt":{"rendered":"<p>Piwo o wysokiej zawarto\u015bci alkoholu do 7,1% obj. z wyd\u0142u\u017conym dojrzewaniem.<\/p>\n","protected":false},"featured_media":0,"comment_status":"open","ping_status":"closed","template":"","meta":{"_acf_changed":false},"product_brand":[],"product_cat":[20],"product_tag":[],"class_list":{"0":"post-3605","1":"product","2":"type-product","3":"status-publish","5":"product_cat-magazyn","7":"first","8":"instock","9":"shipping-taxable","10":"purchasable","11":"product-type-simple"},"acf":[],"yoast_head":"<!-- This site is optimized with the Yoast SEO plugin v27.2 - https:\/\/yoast.com\/product\/yoast-seo-wordpress\/ -->\n<title>Ternowe Pole<\/title>\n<meta name=\"robots\" content=\"index, follow, max-snippet:-1, max-image-preview:large, max-video-preview:-1\" \/>\n<link rel=\"canonical\" href=\"https:\/\/brovar.org\/pl\/product\/ternove-pole\/\" \/>\n<meta property=\"og:locale\" content=\"pl_PL\" \/>\n<meta property=\"og:locale:alternate\" content=\"uk_UA\" \/>\n<meta property=\"og:locale:alternate\" content=\"en_US\" \/>\n<meta property=\"og:type\" content=\"article\" \/>\n<meta property=\"og:title\" content=\"Ternowe Pole\" \/>\n<meta property=\"og:description\" content=\"Piwo o wysokiej zawarto\u015bci alkoholu do 7,1% obj. z wyd\u0142u\u017conym dojrzewaniem.\" \/>\n<meta property=\"og:url\" content=\"https:\/\/brovar.org\/pl\/product\/ternove-pole\/\" \/>\n<meta property=\"article:modified_time\" content=\"2025-04-07T06:38:50+00:00\" \/>\n<meta property=\"og:image\" content=\"https:\/\/brovar.org\/inc\/uploads\/2017\/08\/mykulyn_beer_06_ternove_pole.png\" \/>\n\t<meta property=\"og:image:width\" content=\"237\" \/>\n\t<meta property=\"og:image:height\" content=\"700\" \/>\n\t<meta property=\"og:image:type\" content=\"image\/png\" \/>\n<meta name=\"twitter:card\" content=\"summary_large_image\" \/>\n<meta name=\"twitter:label1\" content=\"Szacowany czas czytania\" \/>\n\t<meta name=\"twitter:data1\" content=\"1 minuta\" \/>\n<script type=\"application\/ld+json\" class=\"yoast-schema-graph\">{\"@context\":\"https:\/\/schema.org\",\"@graph\":[{\"@type\":\"WebPage\",\"@id\":\"https:\/\/brovar.org\/product\/ternove-pole\/\",\"url\":\"https:\/\/brovar.org\/product\/ternove-pole\/\",\"name\":\"Ternowe Pole\",\"isPartOf\":{\"@id\":\"https:\/\/brovar.org\/#website\"},\"datePublished\":\"2021-01-05T11:58:07+00:00\",\"dateModified\":\"2025-04-07T06:38:50+00:00\",\"breadcrumb\":{\"@id\":\"https:\/\/brovar.org\/product\/ternove-pole\/#breadcrumb\"},\"inLanguage\":\"pl-PL\",\"potentialAction\":[{\"@type\":\"ReadAction\",\"target\":[\"https:\/\/brovar.org\/product\/ternove-pole\/\"]}]},{\"@type\":\"BreadcrumbList\",\"@id\":\"https:\/\/brovar.org\/product\/ternove-pole\/#breadcrumb\",\"itemListElement\":[{\"@type\":\"ListItem\",\"position\":1,\"name\":\"\u041c\u0430\u0433\u0430\u0437\u0438\u043d\",\"item\":\"https:\/\/brovar.org\/magazyn\/\"},{\"@type\":\"ListItem\",\"position\":2,\"name\":\"\u0422\u0435\u0440\u043d\u043e\u0432\u0435 \u043f\u043e\u043b\u0435\"}]},{\"@type\":\"WebSite\",\"@id\":\"https:\/\/brovar.org\/#website\",\"url\":\"https:\/\/brovar.org\/\",\"name\":\"\",\"description\":\"\",\"potentialAction\":[{\"@type\":\"SearchAction\",\"target\":{\"@type\":\"EntryPoint\",\"urlTemplate\":\"https:\/\/brovar.org\/?s={search_term_string}\"},\"query-input\":{\"@type\":\"PropertyValueSpecification\",\"valueRequired\":true,\"valueName\":\"search_term_string\"}}],\"inLanguage\":\"pl-PL\"}]}<\/script>\n<!-- \/ Yoast SEO plugin. -->","yoast_head_json":{"title":"Ternowe Pole","robots":{"index":"index","follow":"follow","max-snippet":"max-snippet:-1","max-image-preview":"max-image-preview:large","max-video-preview":"max-video-preview:-1"},"canonical":"https:\/\/brovar.org\/pl\/product\/ternove-pole\/","og_locale":"pl_PL","og_type":"article","og_title":"[:uk]\u0422\u0435\u0440\u043d\u043e\u0432\u0435 \u043f\u043e\u043b\u0435[:en]FIELDS OF THORNS[:pl]Ternowe Pole[:es]CAMPO DE ESPINAS[:] &#8211;","og_description":"Piwo o wysokiej zawarto\u015bci alkoholu do 7,1% obj. z wyd\u0142u\u017conym dojrzewaniem.","og_url":"https:\/\/brovar.org\/pl\/product\/ternove-pole\/","article_modified_time":"2025-04-07T06:38:50+00:00","og_image":[{"width":237,"height":700,"url":"https:\/\/brovar.org\/inc\/uploads\/2017\/08\/mykulyn_beer_06_ternove_pole.png","type":"image\/png"}],"twitter_card":"summary_large_image","twitter_misc":{"Szacowany czas czytania":"1 minuta"},"schema":{"@context":"https:\/\/schema.org","@graph":[{"@type":"WebPage","@id":"https:\/\/brovar.org\/product\/ternove-pole\/","url":"https:\/\/brovar.org\/product\/ternove-pole\/","name":"Ternowe Pole","isPartOf":{"@id":"https:\/\/brovar.org\/#website"},"datePublished":"2021-01-05T11:58:07+00:00","dateModified":"2025-04-07T06:38:50+00:00","breadcrumb":{"@id":"https:\/\/brovar.org\/product\/ternove-pole\/#breadcrumb"},"inLanguage":"pl-PL","potentialAction":[{"@type":"ReadAction","target":["https:\/\/brovar.org\/product\/ternove-pole\/"]}]},{"@type":"BreadcrumbList","@id":"https:\/\/brovar.org\/product\/ternove-pole\/#breadcrumb","itemListElement":[{"@type":"ListItem","position":1,"name":"\u041c\u0430\u0433\u0430\u0437\u0438\u043d","item":"https:\/\/brovar.org\/magazyn\/"},{"@type":"ListItem","position":2,"name":"\u0422\u0435\u0440\u043d\u043e\u0432\u0435 \u043f\u043e\u043b\u0435"}]},{"@type":"WebSite","@id":"https:\/\/brovar.org\/#website","url":"https:\/\/brovar.org\/","name":"","description":"","potentialAction":[{"@type":"SearchAction","target":{"@type":"EntryPoint","urlTemplate":"https:\/\/brovar.org\/?s={search_term_string}"},"query-input":{"@type":"PropertyValueSpecification","valueRequired":true,"valueName":"search_term_string"}}],"inLanguage":"pl-PL"}]}},"_links":{"self":[{"href":"https:\/\/brovar.org\/pl\/wp-json\/wp\/v2\/product\/3605","targetHints":{"allow":["GET"]}}],"collection":[{"href":"https:\/\/brovar.org\/pl\/wp-json\/wp\/v2\/product"}],"about":[{"href":"https:\/\/brovar.org\/pl\/wp-json\/wp\/v2\/types\/product"}],"replies":[{"embeddable":true,"href":"https:\/\/brovar.org\/pl\/wp-json\/wp\/v2\/comments?post=3605"}],"wp:attachment":[{"href":"https:\/\/brovar.org\/pl\/wp-json\/wp\/v2\/media?parent=3605"}],"wp:term":[{"taxonomy":"product_brand","embeddable":true,"href":"https:\/\/brovar.org\/pl\/wp-json\/wp\/v2\/product_brand?post=3605"},{"taxonomy":"product_cat","embeddable":true,"href":"https:\/\/brovar.org\/pl\/wp-json\/wp\/v2\/product_cat?post=3605"},{"taxonomy":"product_tag","embeddable":true,"href":"https:\/\/brovar.org\/pl\/wp-json\/wp\/v2\/product_tag?post=3605"}],"curies":[{"name":"wp","href":"https:\/\/api.w.org\/{rel}","templated":true}]}}